{"id":75,"date":"2022-03-26T12:06:22","date_gmt":"2022-03-26T18:06:22","guid":{"rendered":"https:\/\/hotelcasaciddeleon.com.mx\/contacto-2\/"},"modified":"2023-04-10T15:31:53","modified_gmt":"2023-04-10T21:31:53","slug":"contacto-2","status":"publish","type":"page","link":"https:\/\/hotelcasaciddeleon.com.mx\/en\/contacto-2\/","title":{"rendered":"Contact"},"content":{"rendered":"<p class=\"has-text-align-left has-background wp-block-paragraph\" style=\"background-color:#f8f8f8\">For us, it is very important to know and understand your special requirements, that is why we provide you with our contact information and a form if you wish to send us any comments or questions.<\/p>\n\n\n\n<div style=\"height:32px\" aria-hidden=\"true\" class=\"wp-block-spacer desktop-only\"><\/div>\n\n\n\n<div class=\"wp-block-columns alignwide has-2-columns is-layout-flex wp-container-core-columns-is-layout-7387b849 wp-block-columns-is-layout-flex\">\n<div class=\"wp-block-column is-layout-flow wp-block-column-is-layout-flow\">\n<h2 class=\"wp-block-heading has-text-align-left\">Contact us<\/h2>\n\n\n\n<div class=\"wp-block-jetpack-contact-info\">\n<div class=\"wp-block-jetpack-address\"><div class=\"jetpack-address__address jetpack-address__address1\">Avenida Jos\u00e9 Mar\u00eda Morelos 602<\/div><div class=\"jetpack-address__address jetpack-address__address2\">Centro<\/div><div><span class=\"jetpack-address__city\">Oaxaca de Ju\u00e1rez<\/span>, <span class=\"jetpack-address__region\">Oaxaca<\/span> <span class=\"jetpack-address__postal\">68000<\/span><\/div><div class=\"jetpack-address__country\">M\u00e9xico<\/div><\/div>\n\n\n\n<div class=\"wp-block-jetpack-email\"><a href=\"mailto:reservaciones@casaciddeleon.com.mx\">reservaciones@casaciddeleon.com.mx<\/a><\/div>\n\n\n\n<div class=\"wp-block-jetpack-email\"><a href=\"mailto:reservations@ciddeleon.com\">reservations@ciddeleon.com<\/a><\/div>\n\n\n\n<div class=\"wp-block-jetpack-phone\"><a href=\"tel:+529515147013\">+52 951 514 70 13<\/a><\/div>\n\n\n\n<div class=\"wp-block-jetpack-phone\"><a href=\"tel:+529515160414\">+52 951 516 04 14<\/a><\/div>\n<\/div>\n<\/div>\n\n\n\n<div class=\"wp-block-column is-layout-flow wp-block-column-is-layout-flow\">\n<h2 class=\"wp-block-heading has-text-align-left\">Location<\/h2>\n\n\n\n<div class=\"googlemaps\">\n\t\t\t\t<iframe loading=\"lazy\" width=\"600\" height=\"450\" frameborder=\"0\" scrolling=\"no\" marginheight=\"0\" marginwidth=\"0\"  src=\"https:\/\/www.google.com\/maps\/embed?pb=!1m14!1m8!1m3!1d15256.787395949908!2d-96.7257101!3d17.0630213!3m2!1i1024!2i768!4f13.1!3m3!1m2!1s0x0:0xd91c903e526a2042!2sBoutique%20Hotel%20Casa%20Cid%20de%20Le\u00f3n!5e0!3m2!1ses-419!2smx!4v1648326256843!5m2!1ses-419!2smx\"><\/iframe>\n\t\t\t<\/div>\n<\/div>\n<\/div>\n\n\n\n<div class=\"wp-block-jetpack-layout-grid alignfull column1-desktop-grid__span-12 column1-desktop-grid__row-1 column1-tablet-grid__span-8 column1-tablet-grid__row-1 column1-mobile-grid__span-4 column1-mobile-grid__row-1\">\n<div class=\"wp-block-jetpack-layout-grid-column wp-block-jetpack-layout-grid__padding-none has-background\" style=\"background-color:#f6f6f6\">\n<div style=\"height:45px\" aria-hidden=\"true\" class=\"wp-block-spacer\"><\/div>\n\n\n\n<h2 class=\"wp-block-heading has-text-align-center\">Send us a message<\/h2>\n\n\n\n<div class=\"wp-block-columns is-layout-flex wp-container-core-columns-is-layout-7387b849 wp-block-columns-is-layout-flex\">\n<div class=\"wp-block-column is-layout-flow wp-block-column-is-layout-flow\">\n<div class=\"wp-block-columns is-layout-flex wp-container-core-columns-is-layout-7387b849 wp-block-columns-is-layout-flex\">\n<div class=\"wp-block-column is-layout-flow wp-block-column-is-layout-flow\"><\/div>\n\n\n\n<div class=\"wp-block-column is-layout-flow wp-block-column-is-layout-flow\"><div class=\"wp-block-jetpack-contact-form is-layout-flex wp-container-jetpack-contact-form-is-layout-b9bba262 wp-block-jetpack-contact-form-is-layout-flex\"><a href=\"https:\/\/hotelcasaciddeleon.com.mx\/en\/contacto-2\/\" target=\"_blank\" rel=\"noopener noreferrer\">Submit a form.<\/a><\/div><\/div>\n\n\n\n<div class=\"wp-block-column is-layout-flow wp-block-column-is-layout-flow\"><\/div>\n<\/div>\n\n\n\n<div style=\"height:43px\" aria-hidden=\"true\" class=\"wp-block-spacer\"><\/div>\n<\/div>\n<\/div>\n<\/div>\n<\/div>","protected":false},"excerpt":{"rendered":"<p>Para nosotros es muy importante saber y conocer de sus requerimientos especiales, es por eso que ponemos a sus ordenes, nuestra informaci\u00f3n de contacto y un formulario si es que desea enviarnos alg\u00fan comentario o dudas. Ponte en contacto Ubicaci\u00f3n Env\u00edanos un mensaje<\/p>","protected":false},"author":209695131,"featured_media":0,"parent":0,"menu_order":1,"comment_status":"closed","ping_status":"closed","template":"","meta":{"_crdt_document":"","om_disable_all_campaigns":false,"_monsterinsights_skip_tracking":false,"_monsterinsights_sitenote_active":false,"_monsterinsights_sitenote_note":"","_monsterinsights_sitenote_category":0,"jetpack_post_was_ever_published":false,"footnotes":""},"class_list":["post-75","page","type-page","status-publish","hentry","entry"],"aioseo_notices":[],"jetpack_likes_enabled":true,"jetpack_sharing_enabled":true,"jetpack_shortlink":"https:\/\/wp.me\/PdOjZ7-1d","jetpack-related-posts":[],"_links":{"self":[{"href":"https:\/\/hotelcasaciddeleon.com.mx\/en\/wp-json\/wp\/v2\/pages\/75","targetHints":{"allow":["GET"]}}],"collection":[{"href":"https:\/\/hotelcasaciddeleon.com.mx\/en\/wp-json\/wp\/v2\/pages"}],"about":[{"href":"https:\/\/hotelcasaciddeleon.com.mx\/en\/wp-json\/wp\/v2\/types\/page"}],"author":[{"embeddable":true,"href":"https:\/\/hotelcasaciddeleon.com.mx\/en\/wp-json\/wp\/v2\/users\/209695131"}],"replies":[{"embeddable":true,"href":"https:\/\/hotelcasaciddeleon.com.mx\/en\/wp-json\/wp\/v2\/comments?post=75"}],"version-history":[{"count":24,"href":"https:\/\/hotelcasaciddeleon.com.mx\/en\/wp-json\/wp\/v2\/pages\/75\/revisions"}],"predecessor-version":[{"id":586,"href":"https:\/\/hotelcasaciddeleon.com.mx\/en\/wp-json\/wp\/v2\/pages\/75\/revisions\/586"}],"wp:attachment":[{"href":"https:\/\/hotelcasaciddeleon.com.mx\/en\/wp-json\/wp\/v2\/media?parent=75"}],"curies":[{"name":"wp","href":"https:\/\/api.w.org\/{rel}","templated":true}]}}