{"id":276,"date":"2022-03-26T22:22:28","date_gmt":"2022-03-27T04:22:28","guid":{"rendered":"https:\/\/hotelcasaciddeleon.com.mx\/?page_id=276"},"modified":"2022-07-02T15:37:38","modified_gmt":"2022-07-02T20:37:38","slug":"mio-cid","status":"publish","type":"page","link":"https:\/\/hotelcasaciddeleon.com.mx\/en\/mio-cid\/","title":{"rendered":"Mio Cid Suite"},"content":{"rendered":"<div class=\"wp-block-group\"><div class=\"wp-block-group__inner-container is-layout-flow wp-block-group-is-layout-flow\"><\/div><\/div>\n\n\n\n<div class=\"wp-block-cover alignfull is-light has-parallax has-custom-content-position is-position-bottom-left\" style=\"min-height:468px;aspect-ratio:unset;\"><span aria-hidden=\"true\" class=\"wp-block-cover__background has-background-dim-0 has-background-dim\"><\/span><div role=\"img\" class=\"wp-block-cover__image-background wp-image-363 has-parallax\" style=\"background-position:50% 50%;background-image:url('https:\/\/hotelcasaciddeleon.com.mx\/wp-content\/uploads\/2022\/07\/mio_04.jpg');\"><\/div><div class=\"wp-block-cover__inner-container is-layout-flow wp-block-cover-is-layout-flow\">\n<p class=\"has-text-align-center has-background-color has-text-color has-large-font-size wp-block-paragraph\"><strong>Mio Cid &#8211; Suite<\/strong><\/p>\n<\/div><\/div>\n\n\n\n<div class=\"wp-block-group\"><div class=\"wp-block-group__inner-container is-layout-flow wp-block-group-is-layout-flow\">\n<div class=\"wp-block-group\"><div class=\"wp-block-group__inner-container is-layout-flow wp-block-group-is-layout-flow\">\n<div class=\"wp-block-columns is-layout-flex wp-container-core-columns-is-layout-7387b849 wp-block-columns-is-layout-flex\">\n<div class=\"wp-block-column is-layout-flow wp-block-column-is-layout-flow\" style=\"flex-basis:66.66%;\">\n<h4 class=\"wp-block-heading\">Mio Cid Suite<\/h4>\n\n\n\n<p class=\"wp-block-paragraph\">From the old staircase, the <strong>M\u00edo Cid<\/strong> climbed to their rooms like young colts, footsteps still echo in memory and laughter and the gentle walking of children return today. Strong, virile because they were all men. Feminine and delicate also from a different angle, because today ladies arrive at the house. The fireplace and each piece of furniture speak to us of family love, while the day appears through the door and window and invites you to enjoy the warmth and flavor of the table that is waiting for you.<\/p>\n\n\n\n<div style=\"height:22px;\" aria-hidden=\"true\" class=\"wp-block-spacer\"><\/div>\n\n\n\n<h5 class=\"wp-block-heading\">Suite description<\/h5>\n\n\n\n<p class=\"wp-block-paragraph\">It has an area of 58 meters (624 ft<sup>2<\/sup>) and a decorative fireplace.<\/p>\n\n\n\n<p class=\"wp-block-paragraph\">A bedroom with a large rest area presided over by a carved wooden room dressed with period upholstery. King size bed that ennobles A monumental stucco headboard with Angels sitting on the side. It is complemented by the delicately woven bedspread and its feather duvet.<\/p>\n<\/div>\n\n\n\n<div class=\"wp-block-column is-layout-flow wp-block-column-is-layout-flow\" style=\"flex-basis:33.33%;\">\n<h5 class=\"has-text-align-center wp-block-heading\">Service<\/h5>\n\n\n\n<figure class=\"wp-block-table aligncenter is-style-stripes\"><table><tbody><tr><td>Air Conditioner<\/td><td><\/td><\/tr><tr><td>Private bathroom<\/td><td><\/td><\/tr><tr><td>Internet \/ WiFi <\/td><td><\/td><\/tr><tr><td>Tv Streaming<\/td><td><\/td><\/tr><tr><td>Satellite TV<\/td><td><\/td><\/tr><tr><td>Jacuzzi<\/td><td><\/td><\/tr><tr><td>Sala de estar<\/td><td><\/td><\/tr><\/tbody><\/table><\/figure>\n\n\n\n<div style=\"height:108px;\" aria-hidden=\"true\" class=\"wp-block-spacer\"><\/div>\n\n\n<div class=\"wp-block-image wp-duotone-000000-ffffff-1\">\n<figure class=\"aligncenter size-large is-resized\"><img data-recalc-dims=\"1\" loading=\"lazy\" decoding=\"async\" data-attachment-id=\"134\" data-permalink=\"https:\/\/hotelcasaciddeleon.com.mx\/en\/emblema-completo-final\/\" data-orig-file=\"https:\/\/i0.wp.com\/hotelcasaciddeleon.com.mx\/wp-content\/uploads\/2022\/03\/emblema-completo-final.png?fit=600%2C599&amp;ssl=1\" data-orig-size=\"600,599\" data-comments-opened=\"1\" data-image-meta=\"{&quot;aperture&quot;:&quot;0&quot;,&quot;credit&quot;:&quot;&quot;,&quot;camera&quot;:&quot;&quot;,&quot;caption&quot;:&quot;&quot;,&quot;created_timestamp&quot;:&quot;0&quot;,&quot;copyright&quot;:&quot;&quot;,&quot;focal_length&quot;:&quot;0&quot;,&quot;iso&quot;:&quot;0&quot;,&quot;shutter_speed&quot;:&quot;0&quot;,&quot;title&quot;:&quot;&quot;,&quot;orientation&quot;:&quot;0&quot;}\" data-image-title=\"emblema-completo-final\" data-image-description=\"\" data-image-caption=\"\" data-large-file=\"https:\/\/i0.wp.com\/hotelcasaciddeleon.com.mx\/wp-content\/uploads\/2022\/03\/emblema-completo-final.png?fit=600%2C599&amp;ssl=1\" src=\"https:\/\/i0.wp.com\/hotelcasaciddeleon.com.mx\/wp-content\/uploads\/2022\/03\/emblema-completo-final.png?resize=150%2C150&#038;ssl=1\" alt=\"\" class=\"wp-image-134\" width=\"150\" height=\"150\" \/><\/figure>\n<\/div><\/div>\n<\/div>\n<\/div><\/div>\n<\/div><\/div>\n\n\n\n<div class=\"wp-block-buttons is-content-justification-left is-layout-flex wp-container-core-buttons-is-layout-b192c3d7 wp-block-buttons-is-layout-flex\">\n<div class=\"wp-block-button\"><a class=\"wp-block-button__link wp-element-button\" href=\"https:\/\/hotels.cloudbeds.com\/reservation\/29eD6v\" target=\"_blank\" rel=\"noreferrer noopener\">Book now<\/a><\/div>\n<\/div>\n\n\n\n<div style=\"height:36px;\" aria-hidden=\"true\" class=\"wp-block-spacer\"><\/div>\n\n\n\n<div class=\"wp-block-jetpack-layout-grid alignfull column1-desktop-grid__span-12 column1-desktop-grid__row-1 column1-tablet-grid__span-8 column1-tablet-grid__row-1 column1-mobile-grid__span-4 column1-mobile-grid__row-1\">\n<div class=\"wp-block-jetpack-layout-grid-column wp-block-jetpack-layout-grid__padding-none has-background\" style=\"background-color:#f2f2f2;\">\n<div style=\"height:31px;\" aria-hidden=\"true\" class=\"wp-block-spacer\"><\/div>\n\n\n\n<h2 class=\"has-text-align-center wp-block-heading\">Gallery<\/h2>\n\n\n\n<div class=\"wp-block-columns is-layout-flex wp-container-core-columns-is-layout-7387b849 wp-block-columns-is-layout-flex\">\n<div class=\"wp-block-column is-layout-flow wp-block-column-is-layout-flow\">\n<figure class=\"wp-block-gallery has-nested-images columns-4 is-cropped wp-block-gallery-2 is-layout-flex wp-block-gallery-is-layout-flex\">\n<figure class=\"wp-block-image size-large\"><img data-recalc-dims=\"1\" loading=\"lazy\" decoding=\"async\" width=\"750\" height=\"500\" data-attachment-id=\"365\" data-permalink=\"https:\/\/hotelcasaciddeleon.com.mx\/en\/mio-cid\/mio_01\/\" data-orig-file=\"https:\/\/i0.wp.com\/hotelcasaciddeleon.com.mx\/wp-content\/uploads\/2022\/07\/mio_01.jpg?fit=2048%2C1365&amp;ssl=1\" data-orig-size=\"2048,1365\" data-comments-opened=\"1\" data-image-meta=\"{&quot;aperture&quot;:&quot;3.5&quot;,&quot;credit&quot;:&quot;&quot;,&quot;camera&quot;:&quot;ILCE-6000&quot;,&quot;caption&quot;:&quot;&quot;,&quot;created_timestamp&quot;:&quot;1642557967&quot;,&quot;copyright&quot;:&quot;&quot;,&quot;focal_length&quot;:&quot;16&quot;,&quot;iso&quot;:&quot;1600&quot;,&quot;shutter_speed&quot;:&quot;0.0125&quot;,&quot;title&quot;:&quot;&quot;,&quot;orientation&quot;:&quot;0&quot;}\" data-image-title=\"mio_01\" data-image-description=\"\" data-image-caption=\"\" data-large-file=\"https:\/\/i0.wp.com\/hotelcasaciddeleon.com.mx\/wp-content\/uploads\/2022\/07\/mio_01.jpg?fit=750%2C500&amp;ssl=1\" data-id=\"365\" src=\"https:\/\/i0.wp.com\/hotelcasaciddeleon.com.mx\/wp-content\/uploads\/2022\/07\/mio_01.jpg?resize=750%2C500&#038;ssl=1\" alt=\"\" class=\"wp-image-365\" \/><\/figure>\n\n\n\n<figure class=\"wp-block-image size-large\"><img data-recalc-dims=\"1\" loading=\"lazy\" decoding=\"async\" width=\"750\" height=\"511\" data-attachment-id=\"366\" data-permalink=\"https:\/\/hotelcasaciddeleon.com.mx\/en\/mio-cid\/mio_03\/\" data-orig-file=\"https:\/\/i0.wp.com\/hotelcasaciddeleon.com.mx\/wp-content\/uploads\/2022\/07\/mio_03.jpg?fit=2048%2C1396&amp;ssl=1\" data-orig-size=\"2048,1396\" data-comments-opened=\"1\" data-image-meta=\"{&quot;aperture&quot;:&quot;3.5&quot;,&quot;credit&quot;:&quot;&quot;,&quot;camera&quot;:&quot;ILCE-6000&quot;,&quot;caption&quot;:&quot;&quot;,&quot;created_timestamp&quot;:&quot;1642557927&quot;,&quot;copyright&quot;:&quot;&quot;,&quot;focal_length&quot;:&quot;16&quot;,&quot;iso&quot;:&quot;1600&quot;,&quot;shutter_speed&quot;:&quot;0.0125&quot;,&quot;title&quot;:&quot;&quot;,&quot;orientation&quot;:&quot;0&quot;}\" data-image-title=\"mio_03\" data-image-description=\"\" data-image-caption=\"\" data-large-file=\"https:\/\/i0.wp.com\/hotelcasaciddeleon.com.mx\/wp-content\/uploads\/2022\/07\/mio_03.jpg?fit=750%2C511&amp;ssl=1\" data-id=\"366\" src=\"https:\/\/i0.wp.com\/hotelcasaciddeleon.com.mx\/wp-content\/uploads\/2022\/07\/mio_03.jpg?resize=750%2C511&#038;ssl=1\" alt=\"\" class=\"wp-image-366\" \/><\/figure>\n\n\n\n<figure class=\"wp-block-image size-large\"><img data-recalc-dims=\"1\" loading=\"lazy\" decoding=\"async\" width=\"750\" height=\"500\" data-attachment-id=\"368\" data-permalink=\"https:\/\/hotelcasaciddeleon.com.mx\/en\/mio-cid\/mio_05\/\" data-orig-file=\"https:\/\/i0.wp.com\/hotelcasaciddeleon.com.mx\/wp-content\/uploads\/2022\/07\/mio_05.jpg?fit=6000%2C4000&amp;ssl=1\" data-orig-size=\"6000,4000\" data-comments-opened=\"1\" data-image-meta=\"{&quot;aperture&quot;:&quot;3.5&quot;,&quot;credit&quot;:&quot;&quot;,&quot;camera&quot;:&quot;NIKON D7100&quot;,&quot;caption&quot;:&quot;&quot;,&quot;created_timestamp&quot;:&quot;1600538361&quot;,&quot;copyright&quot;:&quot;&quot;,&quot;focal_length&quot;:&quot;18&quot;,&quot;iso&quot;:&quot;1600&quot;,&quot;shutter_speed&quot;:&quot;0.033333333333333&quot;,&quot;title&quot;:&quot;&quot;,&quot;orientation&quot;:&quot;1&quot;}\" data-image-title=\"mio_05\" data-image-description=\"\" data-image-caption=\"\" data-large-file=\"https:\/\/i0.wp.com\/hotelcasaciddeleon.com.mx\/wp-content\/uploads\/2022\/07\/mio_05.jpg?fit=750%2C500&amp;ssl=1\" data-id=\"368\" src=\"https:\/\/i0.wp.com\/hotelcasaciddeleon.com.mx\/wp-content\/uploads\/2022\/07\/mio_05.jpg?resize=750%2C500&#038;ssl=1\" alt=\"\" class=\"wp-image-368\" \/><\/figure>\n\n\n\n<figure class=\"wp-block-image size-large\"><img data-recalc-dims=\"1\" loading=\"lazy\" decoding=\"async\" width=\"750\" height=\"563\" data-attachment-id=\"367\" data-permalink=\"https:\/\/hotelcasaciddeleon.com.mx\/en\/mio-cid\/img_20220310_174502\/\" data-orig-file=\"https:\/\/i0.wp.com\/hotelcasaciddeleon.com.mx\/wp-content\/uploads\/2022\/07\/img_20220310_174502.jpg?fit=5120%2C3840&amp;ssl=1\" data-orig-size=\"5120,3840\" data-comments-opened=\"1\" data-image-meta=\"{&quot;aperture&quot;:&quot;2.2&quot;,&quot;credit&quot;:&quot;&quot;,&quot;camera&quot;:&quot;VOG-L04&quot;,&quot;caption&quot;:&quot;&quot;,&quot;created_timestamp&quot;:&quot;1646934304&quot;,&quot;copyright&quot;:&quot;&quot;,&quot;focal_length&quot;:&quot;2.35&quot;,&quot;iso&quot;:&quot;640&quot;,&quot;shutter_speed&quot;:&quot;0.058331&quot;,&quot;title&quot;:&quot;&quot;,&quot;orientation&quot;:&quot;1&quot;}\" data-image-title=\"img_20220310_174502\" data-image-description=\"\" data-image-caption=\"\" data-large-file=\"https:\/\/i0.wp.com\/hotelcasaciddeleon.com.mx\/wp-content\/uploads\/2022\/07\/img_20220310_174502.jpg?fit=750%2C563&amp;ssl=1\" data-id=\"367\" src=\"https:\/\/i0.wp.com\/hotelcasaciddeleon.com.mx\/wp-content\/uploads\/2022\/07\/img_20220310_174502.jpg?resize=750%2C563&#038;ssl=1\" alt=\"\" class=\"wp-image-367\" \/><\/figure>\n<\/figure>\n<\/div>\n<\/div>\n<\/div>\n<\/div>","protected":false},"excerpt":{"rendered":"<p>Mio Cid Desde la antigua escalera, sub\u00edan a sus habitaciones los M\u00edo Cid como j\u00f3venes potros, a\u00fan resuenan pasos en la memoria y vuelven hoy risas y el menudo caminar de ni\u00f1os.&nbsp; Recia, viril porque todos eran varones. Femenina y delicada tambi\u00e9n desde un \u00e1ngulo distinto, porque hoy llegan damas a la casa. La chimenea<a class=\"more-link\" href=\"https:\/\/hotelcasaciddeleon.com.mx\/en\/mio-cid\/\">Continue reading <span class=\"screen-reader-text\">\u00abMio Cid\u00bb<\/span><\/a><\/p>","protected":false},"author":209695131,"featured_media":344,"parent":0,"menu_order":0,"comment_status":"closed","ping_status":"closed","template":"","meta":{"_crdt_document":"","om_disable_all_campaigns":false,"_monsterinsights_skip_tracking":false,"_monsterinsights_sitenote_active":false,"_monsterinsights_sitenote_note":"","_monsterinsights_sitenote_category":0,"jetpack_post_was_ever_published":false,"footnotes":""},"class_list":["post-276","page","type-page","status-publish","has-post-thumbnail","hentry","entry"],"aioseo_notices":[],"jetpack_likes_enabled":true,"jetpack_sharing_enabled":true,"jetpack_shortlink":"https:\/\/wp.me\/PdOjZ7-4s","jetpack-related-posts":[],"_links":{"self":[{"href":"https:\/\/hotelcasaciddeleon.com.mx\/en\/wp-json\/wp\/v2\/pages\/276","targetHints":{"allow":["GET"]}}],"collection":[{"href":"https:\/\/hotelcasaciddeleon.com.mx\/en\/wp-json\/wp\/v2\/pages"}],"about":[{"href":"https:\/\/hotelcasaciddeleon.com.mx\/en\/wp-json\/wp\/v2\/types\/page"}],"author":[{"embeddable":true,"href":"https:\/\/hotelcasaciddeleon.com.mx\/en\/wp-json\/wp\/v2\/users\/209695131"}],"replies":[{"embeddable":true,"href":"https:\/\/hotelcasaciddeleon.com.mx\/en\/wp-json\/wp\/v2\/comments?post=276"}],"version-history":[{"count":4,"href":"https:\/\/hotelcasaciddeleon.com.mx\/en\/wp-json\/wp\/v2\/pages\/276\/revisions"}],"predecessor-version":[{"id":369,"href":"https:\/\/hotelcasaciddeleon.com.mx\/en\/wp-json\/wp\/v2\/pages\/276\/revisions\/369"}],"wp:featuredmedia":[{"embeddable":true,"href":"https:\/\/hotelcasaciddeleon.com.mx\/en\/wp-json\/wp\/v2\/media\/344"}],"wp:attachment":[{"href":"https:\/\/hotelcasaciddeleon.com.mx\/en\/wp-json\/wp\/v2\/media?parent=276"}],"curies":[{"name":"wp","href":"https:\/\/api.w.org\/{rel}","templated":true}]}}