{"id":22,"date":"2022-03-19T14:37:50","date_gmt":"2022-03-19T20:37:50","guid":{"rendered":"https:\/\/hotelcasaciddeleon.com.mx\/?page_id=22"},"modified":"2023-05-03T21:03:59","modified_gmt":"2023-05-04T03:03:59","slug":"dominica","status":"publish","type":"page","link":"https:\/\/hotelcasaciddeleon.com.mx\/en\/dominica\/","title":{"rendered":"Dominica Suite"},"content":{"rendered":"<div class=\"wp-block-group\"><div class=\"wp-block-group__inner-container is-layout-flow wp-block-group-is-layout-flow\"><\/div><\/div>\n\n\n\n\n\n<div class=\"wp-block-group\"><div class=\"wp-block-group__inner-container is-layout-flow wp-block-group-is-layout-flow\">\n<div class=\"wp-block-group\"><div class=\"wp-block-group__inner-container is-layout-flow wp-block-group-is-layout-flow\">\n<div class=\"wp-block-columns is-layout-flex wp-container-core-columns-is-layout-7387b849 wp-block-columns-is-layout-flex\">\n<div class=\"wp-block-column is-layout-flow wp-block-column-is-layout-flow\" style=\"flex-basis:66.66%\">\n<h4 class=\"wp-block-heading\">Dominica Suite<\/h4>\n\n\n\n<p class=\"wp-block-paragraph\">It offers mystery and serenity, shade and stillness. It concentrates the religious art of the house. It invites you to relax and sleep. To contemplation and active reflection. It moves you, motivates you. While you rest, time disappears, you may open your eyes at the stroke of eleven in the morning and tell us when you leave that it has been a long time since you slept like that for sure.<\/p>\n\n\n\n<div style=\"height:22px\" aria-hidden=\"true\" class=\"wp-block-spacer\"><\/div>\n\n\n\n<h5 class=\"wp-block-heading\">Suite description<\/h5>\n\n\n\n<p class=\"wp-block-paragraph\">It has a surface area of 60 square meters (645 ft<sup>2<\/sup>). It consists of two rooms, the first with a King size bed dressed with a hand-woven bedspread and a delicious feather duvet, presided over by a monumental headboard with a fresco by the master artist Froylan, Dominica ornamentation, TV, Wi-Fi, with a rest area.<\/p>\n\n\n\n<p class=\"wp-block-paragraph\">In the second room, a glass desk with sculpted edges in a dove chest, a King size bed also with a hand-woven bedspread and a feather duvet overlooking our intimate interior garden.<\/p>\n<\/div>\n\n\n\n<div class=\"wp-block-column is-layout-flow wp-block-column-is-layout-flow\" style=\"flex-basis:33.33%\">\n<h5 class=\"wp-block-heading has-text-align-center\">Service<\/h5>\n\n\n\n<figure class=\"wp-block-table aligncenter is-style-stripes\"><table><tbody><tr><td>Air Conditioner<\/td><td><\/td><\/tr><tr><td>Private bathroom<\/td><td><\/td><\/tr><tr><td>Internet \/ WiFi <\/td><td><\/td><\/tr><tr><td>Tv Streaming<\/td><td><\/td><\/tr><tr><td>Satellite TV<\/td><td><\/td><\/tr><tr><td><\/td><td><\/td><\/tr><tr><td><\/td><td><\/td><\/tr><\/tbody><\/table><\/figure>\n\n\n\n<div style=\"height:118px\" aria-hidden=\"true\" class=\"wp-block-spacer\"><\/div>\n\n\n<div class=\"wp-block-image wp-duotone-000000-ffffff-1\">\n<figure class=\"aligncenter size-large is-resized\"><img data-recalc-dims=\"1\" loading=\"lazy\" decoding=\"async\" data-attachment-id=\"134\" data-permalink=\"https:\/\/hotelcasaciddeleon.com.mx\/en\/emblema-completo-final\/\" data-orig-file=\"https:\/\/i0.wp.com\/hotelcasaciddeleon.com.mx\/wp-content\/uploads\/2022\/03\/emblema-completo-final.png?fit=600%2C599&amp;ssl=1\" data-orig-size=\"600,599\" data-comments-opened=\"1\" data-image-meta=\"{&quot;aperture&quot;:&quot;0&quot;,&quot;credit&quot;:&quot;&quot;,&quot;camera&quot;:&quot;&quot;,&quot;caption&quot;:&quot;&quot;,&quot;created_timestamp&quot;:&quot;0&quot;,&quot;copyright&quot;:&quot;&quot;,&quot;focal_length&quot;:&quot;0&quot;,&quot;iso&quot;:&quot;0&quot;,&quot;shutter_speed&quot;:&quot;0&quot;,&quot;title&quot;:&quot;&quot;,&quot;orientation&quot;:&quot;0&quot;}\" data-image-title=\"emblema-completo-final\" data-image-description=\"\" data-image-caption=\"\" data-large-file=\"https:\/\/i0.wp.com\/hotelcasaciddeleon.com.mx\/wp-content\/uploads\/2022\/03\/emblema-completo-final.png?fit=600%2C599&amp;ssl=1\" src=\"https:\/\/i0.wp.com\/hotelcasaciddeleon.com.mx\/wp-content\/uploads\/2022\/03\/emblema-completo-final.png?resize=150%2C150&#038;ssl=1\" alt=\"\" class=\"wp-image-134\" width=\"150\" height=\"150\"\/><\/figure>\n<\/div><\/div>\n<\/div>\n<\/div><\/div>\n<\/div><\/div>\n\n\n\n<div class=\"wp-block-buttons is-content-justification-left is-layout-flex wp-container-core-buttons-is-layout-b192c3d7 wp-block-buttons-is-layout-flex\">\n<div class=\"wp-block-button\"><a class=\"wp-block-button__link wp-element-button\" href=\"https:\/\/hotels.cloudbeds.com\/reservation\/29eD6v\" target=\"_blank\" rel=\"noreferrer noopener\">Book now<\/a><\/div>\n<\/div>\n\n\n\n<div style=\"height:36px\" aria-hidden=\"true\" class=\"wp-block-spacer\"><\/div>\n\n\n\n<div class=\"wp-block-jetpack-layout-grid alignfull column1-desktop-grid__span-12 column1-desktop-grid__row-1 column1-tablet-grid__span-8 column1-tablet-grid__row-1 column1-mobile-grid__span-4 column1-mobile-grid__row-1\">\n<div class=\"wp-block-jetpack-layout-grid-column wp-block-jetpack-layout-grid__padding-none has-background\" style=\"background-color:#f2f2f2\">\n<div style=\"height:31px\" aria-hidden=\"true\" class=\"wp-block-spacer\"><\/div>\n\n\n\n<h2 class=\"wp-block-heading has-text-align-center\">Gallery<\/h2>\n\n\n\n<div class=\"wp-block-columns is-layout-flex wp-container-core-columns-is-layout-7387b849 wp-block-columns-is-layout-flex\">\n<div class=\"wp-block-column is-layout-flow wp-block-column-is-layout-flow\">\n<figure class=\"wp-block-gallery has-nested-images columns-4 is-cropped wp-block-gallery-2 is-layout-flex wp-block-gallery-is-layout-flex\">\n<figure class=\"wp-block-image size-large\"><img data-recalc-dims=\"1\" loading=\"lazy\" decoding=\"async\" width=\"750\" height=\"347\" data-attachment-id=\"189\" data-permalink=\"https:\/\/hotelcasaciddeleon.com.mx\/en\/dominica\/img_20220216_175845\/\" data-orig-file=\"https:\/\/i0.wp.com\/hotelcasaciddeleon.com.mx\/wp-content\/uploads\/2022\/03\/img_20220216_175845.jpg?fit=4096%2C1894&amp;ssl=1\" data-orig-size=\"4096,1894\" data-comments-opened=\"1\" data-image-meta=\"{&quot;aperture&quot;:&quot;0&quot;,&quot;credit&quot;:&quot;&quot;,&quot;camera&quot;:&quot;&quot;,&quot;caption&quot;:&quot;&quot;,&quot;created_timestamp&quot;:&quot;0&quot;,&quot;copyright&quot;:&quot;&quot;,&quot;focal_length&quot;:&quot;0&quot;,&quot;iso&quot;:&quot;0&quot;,&quot;shutter_speed&quot;:&quot;0&quot;,&quot;title&quot;:&quot;&quot;,&quot;orientation&quot;:&quot;0&quot;}\" data-image-title=\"img_20220216_175845\" data-image-description=\"\" data-image-caption=\"\" data-large-file=\"https:\/\/i0.wp.com\/hotelcasaciddeleon.com.mx\/wp-content\/uploads\/2022\/03\/img_20220216_175845.jpg?fit=750%2C347&amp;ssl=1\" data-id=\"189\" src=\"https:\/\/i0.wp.com\/hotelcasaciddeleon.com.mx\/wp-content\/uploads\/2022\/03\/img_20220216_175845.jpg?resize=750%2C347&#038;ssl=1\" alt=\"\" class=\"wp-image-189\"\/><\/figure>\n\n\n\n<figure class=\"wp-block-image size-large\"><img data-recalc-dims=\"1\" loading=\"lazy\" decoding=\"async\" width=\"750\" height=\"347\" data-attachment-id=\"190\" data-permalink=\"https:\/\/hotelcasaciddeleon.com.mx\/en\/dominica\/img_20220216_175924\/\" data-orig-file=\"https:\/\/i0.wp.com\/hotelcasaciddeleon.com.mx\/wp-content\/uploads\/2022\/03\/img_20220216_175924.jpg?fit=4096%2C1894&amp;ssl=1\" data-orig-size=\"4096,1894\" data-comments-opened=\"1\" data-image-meta=\"{&quot;aperture&quot;:&quot;0&quot;,&quot;credit&quot;:&quot;&quot;,&quot;camera&quot;:&quot;&quot;,&quot;caption&quot;:&quot;&quot;,&quot;created_timestamp&quot;:&quot;0&quot;,&quot;copyright&quot;:&quot;&quot;,&quot;focal_length&quot;:&quot;0&quot;,&quot;iso&quot;:&quot;0&quot;,&quot;shutter_speed&quot;:&quot;0&quot;,&quot;title&quot;:&quot;&quot;,&quot;orientation&quot;:&quot;0&quot;}\" data-image-title=\"img_20220216_175924\" data-image-description=\"\" data-image-caption=\"\" data-large-file=\"https:\/\/i0.wp.com\/hotelcasaciddeleon.com.mx\/wp-content\/uploads\/2022\/03\/img_20220216_175924.jpg?fit=750%2C347&amp;ssl=1\" data-id=\"190\" src=\"https:\/\/i0.wp.com\/hotelcasaciddeleon.com.mx\/wp-content\/uploads\/2022\/03\/img_20220216_175924.jpg?resize=750%2C347&#038;ssl=1\" alt=\"\" class=\"wp-image-190\"\/><\/figure>\n\n\n\n<figure class=\"wp-block-image size-large\"><img data-recalc-dims=\"1\" loading=\"lazy\" decoding=\"async\" width=\"750\" height=\"347\" data-attachment-id=\"191\" data-permalink=\"https:\/\/hotelcasaciddeleon.com.mx\/en\/dominica\/img_20220204_162820\/\" data-orig-file=\"https:\/\/i0.wp.com\/hotelcasaciddeleon.com.mx\/wp-content\/uploads\/2022\/03\/img_20220204_162820.jpg?fit=4096%2C1894&amp;ssl=1\" data-orig-size=\"4096,1894\" data-comments-opened=\"1\" data-image-meta=\"{&quot;aperture&quot;:&quot;0&quot;,&quot;credit&quot;:&quot;&quot;,&quot;camera&quot;:&quot;&quot;,&quot;caption&quot;:&quot;&quot;,&quot;created_timestamp&quot;:&quot;0&quot;,&quot;copyright&quot;:&quot;&quot;,&quot;focal_length&quot;:&quot;0&quot;,&quot;iso&quot;:&quot;0&quot;,&quot;shutter_speed&quot;:&quot;0&quot;,&quot;title&quot;:&quot;&quot;,&quot;orientation&quot;:&quot;0&quot;}\" data-image-title=\"img_20220204_162820\" data-image-description=\"\" data-image-caption=\"\" data-large-file=\"https:\/\/i0.wp.com\/hotelcasaciddeleon.com.mx\/wp-content\/uploads\/2022\/03\/img_20220204_162820.jpg?fit=750%2C347&amp;ssl=1\" data-id=\"191\" src=\"https:\/\/i0.wp.com\/hotelcasaciddeleon.com.mx\/wp-content\/uploads\/2022\/03\/img_20220204_162820.jpg?resize=750%2C347&#038;ssl=1\" alt=\"\" class=\"wp-image-191\"\/><\/figure>\n\n\n\n<figure class=\"wp-block-image size-large\"><img data-recalc-dims=\"1\" loading=\"lazy\" decoding=\"async\" width=\"750\" height=\"563\" data-attachment-id=\"192\" data-permalink=\"https:\/\/hotelcasaciddeleon.com.mx\/en\/dominica\/img_20220128_155411\/\" data-orig-file=\"https:\/\/i0.wp.com\/hotelcasaciddeleon.com.mx\/wp-content\/uploads\/2022\/03\/img_20220128_155411.jpg?fit=3648%2C2736&amp;ssl=1\" data-orig-size=\"3648,2736\" data-comments-opened=\"1\" data-image-meta=\"{&quot;aperture&quot;:&quot;0&quot;,&quot;credit&quot;:&quot;&quot;,&quot;camera&quot;:&quot;&quot;,&quot;caption&quot;:&quot;&quot;,&quot;created_timestamp&quot;:&quot;0&quot;,&quot;copyright&quot;:&quot;&quot;,&quot;focal_length&quot;:&quot;0&quot;,&quot;iso&quot;:&quot;0&quot;,&quot;shutter_speed&quot;:&quot;0&quot;,&quot;title&quot;:&quot;&quot;,&quot;orientation&quot;:&quot;0&quot;}\" data-image-title=\"img_20220128_155411\" data-image-description=\"\" data-image-caption=\"\" data-large-file=\"https:\/\/i0.wp.com\/hotelcasaciddeleon.com.mx\/wp-content\/uploads\/2022\/03\/img_20220128_155411.jpg?fit=750%2C563&amp;ssl=1\" data-id=\"192\" src=\"https:\/\/i0.wp.com\/hotelcasaciddeleon.com.mx\/wp-content\/uploads\/2022\/03\/img_20220128_155411.jpg?resize=750%2C563&#038;ssl=1\" alt=\"\" class=\"wp-image-192\"\/><\/figure>\n<\/figure>\n<\/div>\n<\/div>\n<\/div>\n<\/div>","protected":false},"excerpt":{"rendered":"<p>Dominica Ofrece misterio y serenidad, sombra y quietud. Concentra el arte religioso de la casa. Te invita a la relajaci\u00f3n y al sue\u00f1o. A la contemplaci\u00f3n y reflexi\u00f3n activa. Te mueve, te motiva. Mientras descansas el tiempo desaparece, puede ser que abras los ojos al bordar de las once de la ma\u00f1ana y nos digas<a class=\"more-link\" href=\"https:\/\/hotelcasaciddeleon.com.mx\/en\/dominica\/\">Continue reading <span class=\"screen-reader-text\">\u00abDominica\u00bb<\/span><\/a><\/p>","protected":false},"author":209695131,"featured_media":95,"parent":0,"menu_order":0,"comment_status":"closed","ping_status":"closed","template":"","meta":{"_crdt_document":"","om_disable_all_campaigns":false,"_monsterinsights_skip_tracking":false,"_monsterinsights_sitenote_active":false,"_monsterinsights_sitenote_note":"","_monsterinsights_sitenote_category":0,"jetpack_post_was_ever_published":false,"footnotes":""},"class_list":["post-22","page","type-page","status-publish","has-post-thumbnail","hentry","entry"],"aioseo_notices":[],"jetpack_likes_enabled":true,"jetpack_sharing_enabled":true,"jetpack_shortlink":"https:\/\/wp.me\/PdOjZ7-m","jetpack-related-posts":[],"_links":{"self":[{"href":"https:\/\/hotelcasaciddeleon.com.mx\/en\/wp-json\/wp\/v2\/pages\/22","targetHints":{"allow":["GET"]}}],"collection":[{"href":"https:\/\/hotelcasaciddeleon.com.mx\/en\/wp-json\/wp\/v2\/pages"}],"about":[{"href":"https:\/\/hotelcasaciddeleon.com.mx\/en\/wp-json\/wp\/v2\/types\/page"}],"author":[{"embeddable":true,"href":"https:\/\/hotelcasaciddeleon.com.mx\/en\/wp-json\/wp\/v2\/users\/209695131"}],"replies":[{"embeddable":true,"href":"https:\/\/hotelcasaciddeleon.com.mx\/en\/wp-json\/wp\/v2\/comments?post=22"}],"version-history":[{"count":26,"href":"https:\/\/hotelcasaciddeleon.com.mx\/en\/wp-json\/wp\/v2\/pages\/22\/revisions"}],"predecessor-version":[{"id":650,"href":"https:\/\/hotelcasaciddeleon.com.mx\/en\/wp-json\/wp\/v2\/pages\/22\/revisions\/650"}],"wp:featuredmedia":[{"embeddable":true,"href":"https:\/\/hotelcasaciddeleon.com.mx\/en\/wp-json\/wp\/v2\/media\/95"}],"wp:attachment":[{"href":"https:\/\/hotelcasaciddeleon.com.mx\/en\/wp-json\/wp\/v2\/media?parent=22"}],"curies":[{"name":"wp","href":"https:\/\/api.w.org\/{rel}","templated":true}]}}